{"id":15829,"date":"2025-01-30T15:41:01","date_gmt":"2025-01-30T14:41:01","guid":{"rendered":"https:\/\/cesgensla.be\/?post_type=product&#038;p=15829"},"modified":"2026-01-08T10:35:42","modified_gmt":"2026-01-08T09:35:42","slug":"hoodie-edition-400-ans","status":"publish","type":"product","link":"https:\/\/berlaymont-textile.shop\/?product=hoodie-edition-400-ans","title":{"rendered":"Hoodie Edition 400 ans"},"content":{"rendered":"\t\t<div data-elementor-type=\"wp-post\" data-elementor-id=\"15829\" class=\"elementor elementor-15829\">\n\t\t\t\t<div class=\"wd-negative-gap elementor-element elementor-element-53eea44 e-flex e-con-boxed e-con e-parent\" data-id=\"53eea44\" data-element_type=\"container\">\n\t\t\t\t\t<div class=\"e-con-inner\">\n\t\t<div class=\"elementor-element elementor-element-cc8e042 e-con-full e-flex e-con e-child\" data-id=\"cc8e042\" data-element_type=\"container\">\n\t\t\t\t<div class=\"elementor-element elementor-element-4a8a87a elementor-widget elementor-widget-wd_text_block\" data-id=\"4a8a87a\" data-element_type=\"widget\" data-widget_type=\"wd_text_block.default\">\n\t\t\t\t<div class=\"elementor-widget-container\">\n\t\t\t\t\t\t\t<div class=\"wd-text-block reset-last-child text-left\">\n\t\t\t\n\t\t\t<p>Le Bermleymont c\u00e9l\u00e8bre ses 400 ans ! Cette ligne de v\u00eatements, con\u00e7ue sp\u00e9cialement pour l\u2019occasion, est un hommage \u00e0 notre riche pass\u00e9 et \u00e0 notre communaut\u00e9.<\/p><ul class=\"unordered-list\"><li>85% coton biologique \/ 15% polyester recycl\u00e9 post-consumer.<\/li><li>Molleton gratt\u00e9 (Low Shrinkage Fleece : molleton pr\u00e9-r\u00e9tr\u00e9ci).<\/li><li id=\"NS403_toptex_arguments_vente_1\">Confortable et tendance.<\/li><li>350 g\/m\u00b2.<\/li><\/ul>\n\t\t\t\t\t<\/div>\n\t\t\t\t\t\t<\/div>\n\t\t\t\t<\/div>\n\t\t\t\t<\/div>\n\t\t<div class=\"elementor-element elementor-element-2136194 e-con-full e-flex e-con e-child\" data-id=\"2136194\" data-element_type=\"container\">\n\t\t\t\t<\/div>\n\t\t<div class=\"elementor-element elementor-element-738f371 e-con-full e-flex e-con e-child\" data-id=\"738f371\" data-element_type=\"container\">\n\t\t\t\t<\/div>\n\t\t\t\t\t<\/div>\n\t\t\t\t<\/div>\n\t\t\t\t<\/div>\n\t\t","protected":false},"excerpt":{"rendered":"<p data-sourcepos=\"9:1-9:25\"><strong>\u00c9dition limit\u00e9e 2025.<\/strong><\/p>\n","protected":false},"featured_media":15852,"template":"","meta":[],"product_brand":[],"product_cat":[32],"product_tag":[],"class_list":{"0":"post-15829","1":"product","2":"type-product","3":"status-publish","4":"has-post-thumbnail","6":"product_cat-furniture","8":"first","9":"instock","10":"shipping-taxable","11":"purchasable","12":"product-type-variable"},"jetpack_sharing_enabled":true,"_links":{"self":[{"href":"https:\/\/berlaymont-textile.shop\/index.php?rest_route=\/wp\/v2\/product\/15829","targetHints":{"allow":["GET"]}}],"collection":[{"href":"https:\/\/berlaymont-textile.shop\/index.php?rest_route=\/wp\/v2\/product"}],"about":[{"href":"https:\/\/berlaymont-textile.shop\/index.php?rest_route=\/wp\/v2\/types\/product"}],"wp:featuredmedia":[{"embeddable":true,"href":"https:\/\/berlaymont-textile.shop\/index.php?rest_route=\/wp\/v2\/media\/15852"}],"wp:attachment":[{"href":"https:\/\/berlaymont-textile.shop\/index.php?rest_route=%2Fwp%2Fv2%2Fmedia&parent=15829"}],"wp:term":[{"taxonomy":"product_brand","embeddable":true,"href":"https:\/\/berlaymont-textile.shop\/index.php?rest_route=%2Fwp%2Fv2%2Fproduct_brand&post=15829"},{"taxonomy":"product_cat","embeddable":true,"href":"https:\/\/berlaymont-textile.shop\/index.php?rest_route=%2Fwp%2Fv2%2Fproduct_cat&post=15829"},{"taxonomy":"product_tag","embeddable":true,"href":"https:\/\/berlaymont-textile.shop\/index.php?rest_route=%2Fwp%2Fv2%2Fproduct_tag&post=15829"}],"curies":[{"name":"wp","href":"https:\/\/api.w.org\/{rel}","templated":true}]}}